{"id":306539,"date":"2026-05-06T10:50:11","date_gmt":"2026-05-06T08:50:11","guid":{"rendered":"https:\/\/www.amelia-store.com\/?post_type=product&#038;p=306539"},"modified":"2026-05-15T15:25:01","modified_gmt":"2026-05-15T13:25:01","slug":"maglia-bonnie-26","status":"publish","type":"product","link":"https:\/\/www.amelia-store.com\/it\/maglia-bonnie-26\/","title":{"rendered":"Maglia Bonnie"},"content":{"rendered":"","protected":false},"excerpt":{"rendered":"<ul>\n<li>Una blusa in cotone leggero dal fascino delicato, perfetta per accompagnare la stagione pi\u00f9 luminosa<\/li>\n<li>La fantasia a piccoli fiori nei toni del blu su base chiara richiama un\u2019estetica romantica e raffinata, facile da indossare ogni giorno<\/li>\n<li>Il design \u00e8 arricchito da un colletto morbido e arricciato, l\u2019abbottonatura frontale e le maniche leggermente ampie donano comfort e movimento al capo<\/li>\n<li>Leggerezza e semplicit\u00e0 si incontrano in una blusa pensata per essere abbinata con facilit\u00e0, dal denim ai capi pi\u00f9 eleganti<\/li>\n<li>Completa il look con un accessorio o un gioiello<\/li>\n<\/ul>\n","protected":false},"featured_media":311175,"comment_status":"open","ping_status":"closed","template":"","meta":{"_acf_changed":false},"product_brand":[],"product_cat":[469,109],"product_tag":[],"class_list":{"0":"post-306539","1":"product","2":"type-product","3":"status-publish","4":"has-post-thumbnail","6":"product_cat-new-collection","7":"product_cat-camicie-e-top","9":"first","10":"instock","11":"taxable","12":"shipping-taxable","13":"purchasable","14":"product-type-variable","15":"has-default-attributes"},"exclude_global_add_ons":false,"addons":[{"name":"Vuoi il kit confezione regalo?","type":"multiple_choice","position":0,"required":true,"title_format":"label","default":"","description_enable":false,"description":"","placeholder_enable":false,"placeholder":"","display":"select","restrictions_type":"any_text","adjust_price":false,"price":"","price_type":"flat_fee","restrictions":false,"min":"0","max":"0","options":[{"label":"No","price":"","price_type":"flat_fee","image":0,"visibility":true},{"label":"Confezione regalo standard","price":"2.90","price_type":"quantity_based","image":0,"visibility":true},{"label":"Confezione regalo per gioielli","price":"2.90","price_type":"quantity_based","image":0,"visibility":true},{"label":"Confezione regalo di Natale","price":"2.90","price_type":"quantity_based","image":0,"visibility":true}],"id":1701272386}],"acf":[],"_links":{"self":[{"href":"https:\/\/www.amelia-store.com\/it\/wp-json\/wp\/v2\/product\/306539","targetHints":{"allow":["GET"]}}],"collection":[{"href":"https:\/\/www.amelia-store.com\/it\/wp-json\/wp\/v2\/product"}],"about":[{"href":"https:\/\/www.amelia-store.com\/it\/wp-json\/wp\/v2\/types\/product"}],"replies":[{"embeddable":true,"href":"https:\/\/www.amelia-store.com\/it\/wp-json\/wp\/v2\/comments?post=306539"}],"wp:featuredmedia":[{"embeddable":true,"href":"https:\/\/www.amelia-store.com\/it\/wp-json\/wp\/v2\/media\/311175"}],"wp:attachment":[{"href":"https:\/\/www.amelia-store.com\/it\/wp-json\/wp\/v2\/media?parent=306539"}],"wp:term":[{"taxonomy":"product_brand","embeddable":true,"href":"https:\/\/www.amelia-store.com\/it\/wp-json\/wp\/v2\/product_brand?post=306539"},{"taxonomy":"product_cat","embeddable":true,"href":"https:\/\/www.amelia-store.com\/it\/wp-json\/wp\/v2\/product_cat?post=306539"},{"taxonomy":"product_tag","embeddable":true,"href":"https:\/\/www.amelia-store.com\/it\/wp-json\/wp\/v2\/product_tag?post=306539"}],"curies":[{"name":"wp","href":"https:\/\/api.w.org\/{rel}","templated":true}]}}