{"id":310785,"date":"2026-05-13T08:20:39","date_gmt":"2026-05-13T06:20:39","guid":{"rendered":"https:\/\/www.amelia-store.com\/?post_type=product&#038;p=310785"},"modified":"2026-05-14T10:25:28","modified_gmt":"2026-05-14T08:25:28","slug":"abito-lungo-margherita-26","status":"publish","type":"product","link":"https:\/\/www.amelia-store.com\/it\/abito-lungo-margherita-26\/","title":{"rendered":"Abito Lungo Margherita"},"content":{"rendered":"","protected":false},"excerpt":{"rendered":"<ul>\n<li>Realizzato in 100% cotone, \u00e8 fresco e piacevole sulla pelle, ideale anche nelle giornate pi\u00f9 calde<\/li>\n<li>Lo scollo incrociato valorizza il d\u00e9collet\u00e9 con eleganza, mentre le spalline sottili regolabili permettono di adattare la vestibilit\u00e0 con facilit\u00e0<\/li>\n<li>Sul retro, l\u2019inserto elasticizzato in vita garantisce comfort e una perfetta aderenza al corpo<\/li>\n<li>La gonna lunga e fluida accompagna i movimenti con leggerezza grazie alla balza sul fondo che aggiunge volume e movimento al capo<\/li>\n<li>La vestibilit\u00e0 \u00e8 regolare e morbida: segna delicatamente il punto vita lasciando il resto del fit arioso e confortevole<\/li>\n<li>Perfetto con sandali flat e ciabattine per un look quotidiano<\/li>\n<li>Completa l&#8217;outfit con una cintura e con uno dei nostri gioielli<\/li>\n<li><em>Scopri tutti gli articoli della collezione Margherita<\/em><\/li>\n<\/ul>\n","protected":false},"featured_media":312618,"comment_status":"open","ping_status":"closed","template":"","meta":{"_acf_changed":false},"product_brand":[],"product_cat":[469,108,708],"product_tag":[],"class_list":{"0":"post-310785","1":"product","2":"type-product","3":"status-publish","4":"has-post-thumbnail","6":"product_cat-new-collection","7":"product_cat-abiti-e-tute","8":"product_cat-fantasia-margherita","10":"first","11":"instock","12":"taxable","13":"shipping-taxable","14":"purchasable","15":"product-type-variable","16":"has-default-attributes"},"exclude_global_add_ons":false,"addons":[{"name":"Vuoi il kit confezione regalo?","type":"multiple_choice","position":0,"required":true,"title_format":"label","default":"","description_enable":false,"description":"","placeholder_enable":false,"placeholder":"","display":"select","restrictions_type":"any_text","adjust_price":false,"price":"","price_type":"flat_fee","restrictions":false,"min":"0","max":"0","options":[{"label":"No","price":"","price_type":"flat_fee","image":0,"visibility":true},{"label":"Confezione regalo standard","price":"2.90","price_type":"quantity_based","image":0,"visibility":true},{"label":"Confezione regalo per gioielli","price":"2.90","price_type":"quantity_based","image":0,"visibility":true},{"label":"Confezione regalo di Natale","price":"2.90","price_type":"quantity_based","image":0,"visibility":true}],"id":1701272386}],"acf":[],"_links":{"self":[{"href":"https:\/\/www.amelia-store.com\/it\/wp-json\/wp\/v2\/product\/310785","targetHints":{"allow":["GET"]}}],"collection":[{"href":"https:\/\/www.amelia-store.com\/it\/wp-json\/wp\/v2\/product"}],"about":[{"href":"https:\/\/www.amelia-store.com\/it\/wp-json\/wp\/v2\/types\/product"}],"replies":[{"embeddable":true,"href":"https:\/\/www.amelia-store.com\/it\/wp-json\/wp\/v2\/comments?post=310785"}],"wp:featuredmedia":[{"embeddable":true,"href":"https:\/\/www.amelia-store.com\/it\/wp-json\/wp\/v2\/media\/312618"}],"wp:attachment":[{"href":"https:\/\/www.amelia-store.com\/it\/wp-json\/wp\/v2\/media?parent=310785"}],"wp:term":[{"taxonomy":"product_brand","embeddable":true,"href":"https:\/\/www.amelia-store.com\/it\/wp-json\/wp\/v2\/product_brand?post=310785"},{"taxonomy":"product_cat","embeddable":true,"href":"https:\/\/www.amelia-store.com\/it\/wp-json\/wp\/v2\/product_cat?post=310785"},{"taxonomy":"product_tag","embeddable":true,"href":"https:\/\/www.amelia-store.com\/it\/wp-json\/wp\/v2\/product_tag?post=310785"}],"curies":[{"name":"wp","href":"https:\/\/api.w.org\/{rel}","templated":true}]}}